{"id":12,"date":"2025-03-31T09:02:49","date_gmt":"2025-03-31T09:02:49","guid":{"rendered":"https:\/\/finsk-lapphund.dk\/?page_id=12"},"modified":"2025-10-16T13:46:34","modified_gmt":"2025-10-16T13:46:34","slug":"home","status":"publish","type":"page","link":"https:\/\/finsk-lapphund.dk\/","title":{"rendered":"Info"},"content":{"rendered":"\n<div class=\"wp-block-group alignfull\" style=\"margin-top:0;margin-bottom:0;padding-top:var(--wp--preset--spacing--50);padding-right:var(--wp--preset--spacing--50);padding-bottom:var(--wp--preset--spacing--50);padding-left:var(--wp--preset--spacing--50)\"><div class=\"wp-block-group__inner-container is-layout-constrained wp-container-core-group-is-layout-09821321 wp-block-group-is-layout-constrained\">\n<div class=\"wp-block-columns alignwide is-layout-flex wp-container-core-columns-is-layout-3edbca9c wp-block-columns-is-layout-flex\" style=\"margin-top:0;margin-bottom:0\">\n<div class=\"wp-block-column is-layout-flow wp-block-column-is-layout-flow\">\n<figure class=\"wp-block-image size-large is-style-rounded\"><img loading=\"lazy\" decoding=\"async\" width=\"1024\" height=\"683\" src=\"https:\/\/finsk-lapphund.dk\/wp-content\/uploads\/2025\/03\/027A0589-1024x683.jpg\" alt=\"\" class=\"wp-image-90\" style=\"aspect-ratio:4\/3;object-fit:cover\" srcset=\"https:\/\/finsk-lapphund.dk\/wp-content\/uploads\/2025\/03\/027A0589-1024x683.jpg 1024w, https:\/\/finsk-lapphund.dk\/wp-content\/uploads\/2025\/03\/027A0589-300x200.jpg 300w, https:\/\/finsk-lapphund.dk\/wp-content\/uploads\/2025\/03\/027A0589-768x512.jpg 768w, https:\/\/finsk-lapphund.dk\/wp-content\/uploads\/2025\/03\/027A0589-1536x1024.jpg 1536w, https:\/\/finsk-lapphund.dk\/wp-content\/uploads\/2025\/03\/027A0589-2048x1365.jpg 2048w\" sizes=\"auto, (max-width: 1024px) 100vw, 1024px\" \/><\/figure>\n\n\n\n<div style=\"height:var(--wp--preset--spacing--50)\" aria-hidden=\"true\" class=\"wp-block-spacer\"><\/div>\n\n\n\n<figure class=\"wp-block-image size-large is-style-rounded\"><img loading=\"lazy\" decoding=\"async\" width=\"1024\" height=\"827\" src=\"https:\/\/finsk-lapphund.dk\/wp-content\/uploads\/2025\/03\/027A7159-1024x827.jpg\" alt=\"\" class=\"wp-image-94\" style=\"aspect-ratio:3\/4;object-fit:cover\" srcset=\"https:\/\/finsk-lapphund.dk\/wp-content\/uploads\/2025\/03\/027A7159-1024x827.jpg 1024w, https:\/\/finsk-lapphund.dk\/wp-content\/uploads\/2025\/03\/027A7159-300x242.jpg 300w, https:\/\/finsk-lapphund.dk\/wp-content\/uploads\/2025\/03\/027A7159-768x620.jpg 768w, https:\/\/finsk-lapphund.dk\/wp-content\/uploads\/2025\/03\/027A7159-1536x1240.jpg 1536w, https:\/\/finsk-lapphund.dk\/wp-content\/uploads\/2025\/03\/027A7159-2048x1653.jpg 2048w\" sizes=\"auto, (max-width: 1024px) 100vw, 1024px\" \/><\/figure>\n\n\n\n<div style=\"height:var(--wp--preset--spacing--50)\" aria-hidden=\"true\" class=\"wp-block-spacer\"><\/div>\n\n\n<\/div>\n\n\n\n<div class=\"wp-block-column is-layout-flow wp-block-column-is-layout-flow\">\n<div style=\"height:var(--wp--preset--spacing--50)\" aria-hidden=\"true\" class=\"wp-block-spacer\"><\/div>\n\n\n\n<figure class=\"wp-block-image size-large is-style-rounded\"><img loading=\"lazy\" decoding=\"async\" width=\"1024\" height=\"683\" src=\"https:\/\/finsk-lapphund.dk\/wp-content\/uploads\/2025\/03\/027A2046-1024x683.jpg\" alt=\"\" class=\"wp-image-91\" style=\"aspect-ratio:3\/4;object-fit:cover\" srcset=\"https:\/\/finsk-lapphund.dk\/wp-content\/uploads\/2025\/03\/027A2046-1024x683.jpg 1024w, https:\/\/finsk-lapphund.dk\/wp-content\/uploads\/2025\/03\/027A2046-300x200.jpg 300w, https:\/\/finsk-lapphund.dk\/wp-content\/uploads\/2025\/03\/027A2046-768x512.jpg 768w, https:\/\/finsk-lapphund.dk\/wp-content\/uploads\/2025\/03\/027A2046-1536x1024.jpg 1536w, https:\/\/finsk-lapphund.dk\/wp-content\/uploads\/2025\/03\/027A2046-2048x1365.jpg 2048w\" sizes=\"auto, (max-width: 1024px) 100vw, 1024px\" \/><\/figure>\n\n\n\n<div style=\"height:var(--wp--preset--spacing--50)\" aria-hidden=\"true\" class=\"wp-block-spacer\"><\/div>\n\n\n\n<figure class=\"wp-block-image size-large is-style-rounded\"><img loading=\"lazy\" decoding=\"async\" width=\"1024\" height=\"683\" src=\"https:\/\/finsk-lapphund.dk\/wp-content\/uploads\/2025\/03\/027A0878-1024x683.jpg\" alt=\"\" class=\"wp-image-95\" style=\"aspect-ratio:1;object-fit:cover\" srcset=\"https:\/\/finsk-lapphund.dk\/wp-content\/uploads\/2025\/03\/027A0878-1024x683.jpg 1024w, https:\/\/finsk-lapphund.dk\/wp-content\/uploads\/2025\/03\/027A0878-300x200.jpg 300w, https:\/\/finsk-lapphund.dk\/wp-content\/uploads\/2025\/03\/027A0878-768x512.jpg 768w, https:\/\/finsk-lapphund.dk\/wp-content\/uploads\/2025\/03\/027A0878-1536x1024.jpg 1536w, https:\/\/finsk-lapphund.dk\/wp-content\/uploads\/2025\/03\/027A0878-2048x1365.jpg 2048w\" sizes=\"auto, (max-width: 1024px) 100vw, 1024px\" \/><\/figure>\n\n\n\n<div style=\"height:var(--wp--preset--spacing--50)\" aria-hidden=\"true\" class=\"wp-block-spacer\"><\/div>\n\n\n<\/div>\n\n\n\n<div class=\"wp-block-column is-layout-flow wp-block-column-is-layout-flow\">\n<figure class=\"wp-block-image size-large is-style-rounded\"><img loading=\"lazy\" decoding=\"async\" width=\"1024\" height=\"787\" src=\"https:\/\/finsk-lapphund.dk\/wp-content\/uploads\/2025\/03\/027A4082-2-1024x787.jpg\" alt=\"\" class=\"wp-image-92\" style=\"aspect-ratio:3\/4;object-fit:cover\" srcset=\"https:\/\/finsk-lapphund.dk\/wp-content\/uploads\/2025\/03\/027A4082-2-1024x787.jpg 1024w, https:\/\/finsk-lapphund.dk\/wp-content\/uploads\/2025\/03\/027A4082-2-300x231.jpg 300w, https:\/\/finsk-lapphund.dk\/wp-content\/uploads\/2025\/03\/027A4082-2-768x590.jpg 768w, https:\/\/finsk-lapphund.dk\/wp-content\/uploads\/2025\/03\/027A4082-2-1536x1181.jpg 1536w, https:\/\/finsk-lapphund.dk\/wp-content\/uploads\/2025\/03\/027A4082-2-2048x1575.jpg 2048w\" sizes=\"auto, (max-width: 1024px) 100vw, 1024px\" \/><\/figure>\n\n\n\n<div style=\"height:var(--wp--preset--spacing--50)\" aria-hidden=\"true\" class=\"wp-block-spacer\"><\/div>\n\n\n\n\n\n<div style=\"height:var(--wp--preset--spacing--50)\" aria-hidden=\"true\" class=\"wp-block-spacer\"><\/div>\n\n\n<\/div>\n\n\n\n<div class=\"wp-block-column is-layout-flow wp-block-column-is-layout-flow\">\n<div style=\"height:var(--wp--preset--spacing--50)\" aria-hidden=\"true\" class=\"wp-block-spacer\"><\/div>\n\n\n\n<figure class=\"wp-block-image size-large is-style-rounded\"><img loading=\"lazy\" decoding=\"async\" width=\"1024\" height=\"855\" src=\"https:\/\/finsk-lapphund.dk\/wp-content\/uploads\/2025\/03\/027A7078-1024x855.jpg\" alt=\"\" class=\"wp-image-93\" style=\"aspect-ratio:1;object-fit:cover\" srcset=\"https:\/\/finsk-lapphund.dk\/wp-content\/uploads\/2025\/03\/027A7078-1024x855.jpg 1024w, https:\/\/finsk-lapphund.dk\/wp-content\/uploads\/2025\/03\/027A7078-300x251.jpg 300w, https:\/\/finsk-lapphund.dk\/wp-content\/uploads\/2025\/03\/027A7078-768x642.jpg 768w, https:\/\/finsk-lapphund.dk\/wp-content\/uploads\/2025\/03\/027A7078-1536x1283.jpg 1536w, https:\/\/finsk-lapphund.dk\/wp-content\/uploads\/2025\/03\/027A7078-2048x1711.jpg 2048w\" sizes=\"auto, (max-width: 1024px) 100vw, 1024px\" \/><\/figure>\n\n\n\n<div style=\"height:var(--wp--preset--spacing--50)\" aria-hidden=\"true\" class=\"wp-block-spacer\"><\/div>\n\n\n\n\n\n<div style=\"height:var(--wp--preset--spacing--50)\" aria-hidden=\"true\" class=\"wp-block-spacer\"><\/div>\n\n\n<\/div>\n<\/div>\n<\/div><\/div>\n\n\n<p><span style=\"font-size: revert;\">Racen har sin oprindelse som rensdyrhyrde for samerne. Samerne er et oprindeligt folk, der bor i omr\u00e5der, som i dag er delt mellem Finland, Sverige, Norge og Rusland. Traditionelt har rensdyrhold v\u00e6ret meget vigtigt for samerne, og de er stadig involveret i rensdyravl i dag. Samerne har brugt hyrdehunde i \u00e5rhundreder, og disse hunde var typisk lange i kroppen, noget rektangul\u00e6re i formen, med langt h\u00e5r og en lige hale, som kr\u00f8llede op over ryggen, n\u00e5r hunden bev\u00e6gede sig. Finsk lapphund ligner mest de langh\u00e5rede hunde, som blev udviklet af samerne for at hj\u00e6lpe dem med hyrdning, og blev ofte foretrukket som vinterhyrder for rensdyrene.<\/span><br><p data-start=\"703\" data-end=\"1212\" class=\"\">Norske og svenske opdr\u00e6ttere var blandt de f\u00f8rste til at overveje at standardisere hundene fra Lapland f\u00f8r Anden Verdenskrig. I \u00e5rene efter krigen var hundene fra Lapland i alvorlig fare p\u00e5 grund af udbrud af hundesyge. Svenske lapphund-opdr\u00e6ttere mener i dag, at deres race \u2013 og andre lapphund-racer \u2013 var i alvorlig fare for at udd\u00f8. En standard for den besl\u00e6gtede svenske lapphund blev vedtaget i 1944 af FCI (F\u00e9d\u00e9ration Cynologique Internationale), og standarden for den finske lapphund fulgte kort efter.<\/p><br><p data-start=\"1214\" data-end=\"1701\" class=\"\">I Finland blev de f\u00f8rste racestandarder fastsat i 1945 af den finske kennelklub, som kaldte racen &#8220;lappisk hyrdehund&#8221;, ogs\u00e5 kendt som Kukonharjunlainen. Det menes, at disse hunde var resultatet af en krydsning mellem den karelske bj\u00f8rnehund og rensdyrhundene og havde kort pels. I 1950&#8217;erne skabte den finske kennelforening (den anden store kennelorganisation i Finland) den f\u00f8rste racestandard for den laplandske hyrdehund. Acceptable farver for denne race var sort, bj\u00f8rnebrun og hvid.<\/p><br><p data-start=\"1703\" data-end=\"1787\" class=\"\">Finsk lapphund deltager rutinem\u00e6ssigt i eksteri\u00f8rbed\u00f8mmelser (sk\u00f8nhedskonkurrencer).<\/p><br><p data-start=\"1789\" data-end=\"2063\" class=\"\">I 1960\u2019erne blev de forskellige finske kennelorganisationer samlet, og i 1966 blev racerne vurderet p\u00e5 ny. Dette f\u00f8rte til en formel definition af to racer: den kortpelsede laplandske hyrdehund blev defineret i 1966, og den langpelsede finske lapphund blev defineret i 1967.<\/p><br><p data-start=\"2065\" data-end=\"2465\" class=\"\">Omtrent p\u00e5 samme tid muliggjorde teknologiske fremskridt \u00e6ndringer i samernes levevis som rensdyrhyrder. Tidligere blev de langh\u00e5rede hunde generelt foretrukket til hyrdning, men med snescooternes indtog begyndte man at foretr\u00e6kke den korth\u00e5rede laplandske hyrdehund. Dog forsvandt interessen ikke for den langh\u00e5rede race, som i 2014 blev rangeret som den sjette mest popul\u00e6re selskabshund i Finland.<\/p><\/p>\n\n\n<p>Reference:<\/p>\n\n\n\n<p>\u201eAn introduction to the Sami people\u201f. boreale.konto.itv.se. Archived from the original on 2017-03-08. Retrieved 2017-02-28.<br>^ \u201eConstitution and By-Laws (effective 2008) | Finnish Lapphund Club of Canada\u201f. www.finnishlapphund.ca. Archived from the original on 2019-04-18. Retrieved 2017-02-28.<br>^ \u201eFinnish Lapphund\u201f. www.purina.com.au. Retrieved 2017-02-28.<br>^ \u201eSwedish Lapphund multi champion and multi winner Kristallens Lihkku\u2019s home page in English (Swedish Lapponian reindeer herding dog) www.lapphund.nu\u201f. www.lapphund.se. Retrieved 2017-02-28.<br>^ \u201eThe Labrador Retriever was last year\u2019s most popular dog breed in Finland\u201f. www.kennelliitto.fi. Retrieved 2017-02-28<\/p>\n\n\n\n<p><\/p>\n","protected":false},"excerpt":{"rendered":"<p>Racen har sin oprindelse som rensdyrhyrde for samerne. Samerne er et oprindeligt folk, der bor i omr\u00e5der, som i dag er delt mellem Finland, Sverige, Norge og Rusland. Traditionelt har rensdyrhold v\u00e6ret meget vigtigt for samerne, og de er stadig involveret i rensdyravl i dag. Samerne har brugt hyrdehunde i \u00e5rhundreder, og disse hunde var &hellip; <a href=\"https:\/\/finsk-lapphund.dk\/\" class=\"more-link\">L\u00e6s videre <span class=\"screen-reader-text\">Info<\/span> <span class=\"meta-nav\">&rarr;<\/span><\/a><\/p>\n","protected":false},"author":1,"featured_media":0,"parent":0,"menu_order":0,"comment_status":"closed","ping_status":"closed","template":"","meta":{"footnotes":""},"class_list":["post-12","page","type-page","status-publish","hentry"],"_links":{"self":[{"href":"https:\/\/finsk-lapphund.dk\/index.php\/wp-json\/wp\/v2\/pages\/12","targetHints":{"allow":["GET"]}}],"collection":[{"href":"https:\/\/finsk-lapphund.dk\/index.php\/wp-json\/wp\/v2\/pages"}],"about":[{"href":"https:\/\/finsk-lapphund.dk\/index.php\/wp-json\/wp\/v2\/types\/page"}],"author":[{"embeddable":true,"href":"https:\/\/finsk-lapphund.dk\/index.php\/wp-json\/wp\/v2\/users\/1"}],"replies":[{"embeddable":true,"href":"https:\/\/finsk-lapphund.dk\/index.php\/wp-json\/wp\/v2\/comments?post=12"}],"version-history":[{"count":25,"href":"https:\/\/finsk-lapphund.dk\/index.php\/wp-json\/wp\/v2\/pages\/12\/revisions"}],"predecessor-version":[{"id":173,"href":"https:\/\/finsk-lapphund.dk\/index.php\/wp-json\/wp\/v2\/pages\/12\/revisions\/173"}],"wp:attachment":[{"href":"https:\/\/finsk-lapphund.dk\/index.php\/wp-json\/wp\/v2\/media?parent=12"}],"curies":[{"name":"wp","href":"https:\/\/api.w.org\/{rel}","templated":true}]}}