{"id":148,"date":"2025-10-16T13:12:45","date_gmt":"2025-10-16T13:12:45","guid":{"rendered":"https:\/\/finsk-lapphund.dk\/?page_id=148"},"modified":"2025-10-16T13:52:26","modified_gmt":"2025-10-16T13:52:26","slug":"finda-eddie-dk23126-2021","status":"publish","type":"page","link":"https:\/\/finsk-lapphund.dk\/index.php\/finda-eddie-dk23126-2021\/","title":{"rendered":"Finda Eddie DK23126\/2021"},"content":{"rendered":"\n<figure class=\"wp-block-gallery has-nested-images columns-default is-cropped wp-block-gallery-1 is-layout-flex wp-block-gallery-is-layout-flex\">\n<figure class=\"wp-block-image size-full\"><img loading=\"lazy\" decoding=\"async\" width=\"960\" height=\"624\" data-id=\"152\" src=\"https:\/\/finsk-lapphund.dk\/wp-content\/uploads\/2025\/10\/772701f1-ab53-4558-a895-3d5d5ade65ce-1.jpeg\" alt=\"\" class=\"wp-image-152\" srcset=\"https:\/\/finsk-lapphund.dk\/wp-content\/uploads\/2025\/10\/772701f1-ab53-4558-a895-3d5d5ade65ce-1.jpeg 960w, https:\/\/finsk-lapphund.dk\/wp-content\/uploads\/2025\/10\/772701f1-ab53-4558-a895-3d5d5ade65ce-1-300x195.jpeg 300w, https:\/\/finsk-lapphund.dk\/wp-content\/uploads\/2025\/10\/772701f1-ab53-4558-a895-3d5d5ade65ce-1-768x499.jpeg 768w\" sizes=\"auto, (max-width: 960px) 100vw, 960px\" \/><\/figure>\n<\/figure>\n\n\n\n<figure class=\"wp-block-image size-large is-resized is-style-rounded\"><img loading=\"lazy\" decoding=\"async\" width=\"713\" height=\"1024\" src=\"https:\/\/finsk-lapphund.dk\/wp-content\/uploads\/2025\/10\/3e7176f2-aeb8-4dd5-9eb7-795269c7dd4a-713x1024.jpeg\" alt=\"\" class=\"wp-image-150\" style=\"width:356px;height:auto\" srcset=\"https:\/\/finsk-lapphund.dk\/wp-content\/uploads\/2025\/10\/3e7176f2-aeb8-4dd5-9eb7-795269c7dd4a-713x1024.jpeg 713w, https:\/\/finsk-lapphund.dk\/wp-content\/uploads\/2025\/10\/3e7176f2-aeb8-4dd5-9eb7-795269c7dd4a-209x300.jpeg 209w, https:\/\/finsk-lapphund.dk\/wp-content\/uploads\/2025\/10\/3e7176f2-aeb8-4dd5-9eb7-795269c7dd4a-768x1103.jpeg 768w, https:\/\/finsk-lapphund.dk\/wp-content\/uploads\/2025\/10\/3e7176f2-aeb8-4dd5-9eb7-795269c7dd4a-1069x1536.jpeg 1069w, https:\/\/finsk-lapphund.dk\/wp-content\/uploads\/2025\/10\/3e7176f2-aeb8-4dd5-9eb7-795269c7dd4a.jpeg 1179w\" sizes=\"auto, (max-width: 713px) 100vw, 713px\" \/><\/figure>\n\n\n\n<p>F\u00f8dt d. 29.8.2021<\/p>\n\n\n\n<p>HD: B<\/p>\n\n\n\n<p>AD: 0<\/p>\n\n\n\n<p>PRA, Pompes og DM fri<\/p>\n\n\n\n<p>\u00d8jenlyst d. 23.10.23 fri<\/p>\n\n\n\n<p>Kontakt : Tina Marie Harbo, L\u00f8vens kvarter 17, 6710 Esbjerg v <\/p>\n\n\n\n<p>Mail &#8211; tinamharbo@gmail.com og Mobil 51510293<\/p>\n\n\n\n<p><a href=\"https:\/\/finnishlapphund.breedarchive.com\/animal\/view\/finda-eddie-b584f265-0530-41a5-af32-e8e6a8bb0d52\">https:\/\/finnishlapphund.breedarchive.com\/animal\/view\/finda-eddie-b584f265-0530-41a5-af32-e8e6a8bb0d52<\/a><\/p>\n\n\n\n<p><\/p>\n","protected":false},"excerpt":{"rendered":"<p>F\u00f8dt d. 29.8.2021 HD: B AD: 0 PRA, Pompes og DM fri \u00d8jenlyst d. 23.10.23 fri Kontakt : Tina Marie Harbo, L\u00f8vens kvarter 17, 6710 Esbjerg v Mail &#8211; tinamharbo@gmail.com og Mobil 51510293 https:\/\/finnishlapphund.breedarchive.com\/animal\/view\/finda-eddie-b584f265-0530-41a5-af32-e8e6a8bb0d52<\/p>\n","protected":false},"author":1,"featured_media":0,"parent":0,"menu_order":0,"comment_status":"closed","ping_status":"closed","template":"","meta":{"footnotes":""},"class_list":["post-148","page","type-page","status-publish","hentry"],"_links":{"self":[{"href":"https:\/\/finsk-lapphund.dk\/index.php\/wp-json\/wp\/v2\/pages\/148","targetHints":{"allow":["GET"]}}],"collection":[{"href":"https:\/\/finsk-lapphund.dk\/index.php\/wp-json\/wp\/v2\/pages"}],"about":[{"href":"https:\/\/finsk-lapphund.dk\/index.php\/wp-json\/wp\/v2\/types\/page"}],"author":[{"embeddable":true,"href":"https:\/\/finsk-lapphund.dk\/index.php\/wp-json\/wp\/v2\/users\/1"}],"replies":[{"embeddable":true,"href":"https:\/\/finsk-lapphund.dk\/index.php\/wp-json\/wp\/v2\/comments?post=148"}],"version-history":[{"count":8,"href":"https:\/\/finsk-lapphund.dk\/index.php\/wp-json\/wp\/v2\/pages\/148\/revisions"}],"predecessor-version":[{"id":177,"href":"https:\/\/finsk-lapphund.dk\/index.php\/wp-json\/wp\/v2\/pages\/148\/revisions\/177"}],"wp:attachment":[{"href":"https:\/\/finsk-lapphund.dk\/index.php\/wp-json\/wp\/v2\/media?parent=148"}],"curies":[{"name":"wp","href":"https:\/\/api.w.org\/{rel}","templated":true}]}}