{"id":196,"date":"2026-03-01T13:16:03","date_gmt":"2026-03-01T13:16:03","guid":{"rendered":"https:\/\/finsk-lapphund.dk\/?page_id=196"},"modified":"2026-03-01T13:29:50","modified_gmt":"2026-03-01T13:29:50","slug":"lappkees-find-da-bailey","status":"publish","type":"page","link":"https:\/\/finsk-lapphund.dk\/index.php\/lappkees-find-da-bailey\/","title":{"rendered":"LappKees Find da Bailey DK18367\/2024"},"content":{"rendered":"\n<figure class=\"wp-block-gallery has-nested-images columns-default is-cropped wp-block-gallery-1 is-layout-flex wp-block-gallery-is-layout-flex\">\n<figure class=\"wp-block-image size-large is-style-rounded\"><img loading=\"lazy\" decoding=\"async\" width=\"1024\" height=\"769\" data-id=\"202\" src=\"https:\/\/finsk-lapphund.dk\/wp-content\/uploads\/2026\/03\/027A8968-1024x769.jpg\" alt=\"\" class=\"wp-image-202\" srcset=\"https:\/\/finsk-lapphund.dk\/wp-content\/uploads\/2026\/03\/027A8968-1024x769.jpg 1024w, https:\/\/finsk-lapphund.dk\/wp-content\/uploads\/2026\/03\/027A8968-300x225.jpg 300w, https:\/\/finsk-lapphund.dk\/wp-content\/uploads\/2026\/03\/027A8968-768x576.jpg 768w, https:\/\/finsk-lapphund.dk\/wp-content\/uploads\/2026\/03\/027A8968-1536x1153.jpg 1536w, https:\/\/finsk-lapphund.dk\/wp-content\/uploads\/2026\/03\/027A8968-2048x1537.jpg 2048w\" sizes=\"auto, (max-width: 1024px) 100vw, 1024px\" \/><\/figure>\n<\/figure>\n\n\n\n<figure class=\"wp-block-image size-large\"><img loading=\"lazy\" decoding=\"async\" width=\"1024\" height=\"665\" src=\"https:\/\/finsk-lapphund.dk\/wp-content\/uploads\/2026\/03\/027A8979-1-1024x665.jpg\" alt=\"\" class=\"wp-image-206\" srcset=\"https:\/\/finsk-lapphund.dk\/wp-content\/uploads\/2026\/03\/027A8979-1-1024x665.jpg 1024w, https:\/\/finsk-lapphund.dk\/wp-content\/uploads\/2026\/03\/027A8979-1-300x195.jpg 300w, https:\/\/finsk-lapphund.dk\/wp-content\/uploads\/2026\/03\/027A8979-1-768x499.jpg 768w, https:\/\/finsk-lapphund.dk\/wp-content\/uploads\/2026\/03\/027A8979-1-1536x998.jpg 1536w, https:\/\/finsk-lapphund.dk\/wp-content\/uploads\/2026\/03\/027A8979-1-2048x1331.jpg 2048w\" sizes=\"auto, (max-width: 1024px) 100vw, 1024px\" \/><\/figure>\n\n\n\n<p>F\u00f8dt d. 25.11.2024<\/p>\n\n\n\n<p>HD: B<\/p>\n\n\n\n<p>AD: 0<\/p>\n\n\n\n<p>\u00d8jenlyst fri<\/p>\n\n\n\n<p>PRA og Pompes fri<\/p>\n\n\n\n<p>DNA test foreligger<\/p>\n\n\n\n<p>Kontakt: Kennel LappKees p\u00e5 mail anettehoe@yahoo.dk<\/p>\n\n\n\n<p>Bailey bor i Hadsten<\/p>\n\n\n\n<p><a href=\"https:\/\/finnishlapphund.breedarchive.com\/animal\/view\/lappkees-find-da-bailey-94b1ba1b-c8e4-47ef-852a-ce505d9b6447\">https:\/\/finnishlapphund.breedarchive.com\/animal\/view\/lappkees-find-da-bailey-94b1ba1b-c8e4-47ef-852a-ce505d9b6447<\/a><\/p>\n","protected":false},"excerpt":{"rendered":"<p>F\u00f8dt d. 25.11.2024 HD: B AD: 0 \u00d8jenlyst fri PRA og Pompes fri DNA test foreligger Kontakt: Kennel LappKees p\u00e5 mail anettehoe@yahoo.dk Bailey bor i Hadsten https:\/\/finnishlapphund.breedarchive.com\/animal\/view\/lappkees-find-da-bailey-94b1ba1b-c8e4-47ef-852a-ce505d9b6447<\/p>\n","protected":false},"author":1,"featured_media":0,"parent":0,"menu_order":0,"comment_status":"closed","ping_status":"closed","template":"","meta":{"footnotes":""},"class_list":["post-196","page","type-page","status-publish","hentry"],"_links":{"self":[{"href":"https:\/\/finsk-lapphund.dk\/index.php\/wp-json\/wp\/v2\/pages\/196","targetHints":{"allow":["GET"]}}],"collection":[{"href":"https:\/\/finsk-lapphund.dk\/index.php\/wp-json\/wp\/v2\/pages"}],"about":[{"href":"https:\/\/finsk-lapphund.dk\/index.php\/wp-json\/wp\/v2\/types\/page"}],"author":[{"embeddable":true,"href":"https:\/\/finsk-lapphund.dk\/index.php\/wp-json\/wp\/v2\/users\/1"}],"replies":[{"embeddable":true,"href":"https:\/\/finsk-lapphund.dk\/index.php\/wp-json\/wp\/v2\/comments?post=196"}],"version-history":[{"count":8,"href":"https:\/\/finsk-lapphund.dk\/index.php\/wp-json\/wp\/v2\/pages\/196\/revisions"}],"predecessor-version":[{"id":212,"href":"https:\/\/finsk-lapphund.dk\/index.php\/wp-json\/wp\/v2\/pages\/196\/revisions\/212"}],"wp:attachment":[{"href":"https:\/\/finsk-lapphund.dk\/index.php\/wp-json\/wp\/v2\/media?parent=196"}],"curies":[{"name":"wp","href":"https:\/\/api.w.org\/{rel}","templated":true}]}}