{"id":221,"date":"2026-03-01T14:54:01","date_gmt":"2026-03-01T14:54:01","guid":{"rendered":"https:\/\/finsk-lapphund.dk\/?page_id=221"},"modified":"2026-03-01T14:54:01","modified_gmt":"2026-03-01T14:54:01","slug":"kjersgaards-nevada-dk01777-2024","status":"publish","type":"page","link":"https:\/\/finsk-lapphund.dk\/index.php\/kjersgaards-nevada-dk01777-2024\/","title":{"rendered":"Kjersgaard&#8217;s Nevada DK01777\/2024"},"content":{"rendered":"\n<figure class=\"wp-block-image size-large is-style-rounded\"><img loading=\"lazy\" decoding=\"async\" width=\"768\" height=\"1024\" src=\"https:\/\/finsk-lapphund.dk\/wp-content\/uploads\/2026\/03\/1f29b431-e8b8-4069-b8ff-3b87a1eba508-768x1024.jpeg\" alt=\"\" class=\"wp-image-222\" srcset=\"https:\/\/finsk-lapphund.dk\/wp-content\/uploads\/2026\/03\/1f29b431-e8b8-4069-b8ff-3b87a1eba508-768x1024.jpeg 768w, https:\/\/finsk-lapphund.dk\/wp-content\/uploads\/2026\/03\/1f29b431-e8b8-4069-b8ff-3b87a1eba508-225x300.jpeg 225w, https:\/\/finsk-lapphund.dk\/wp-content\/uploads\/2026\/03\/1f29b431-e8b8-4069-b8ff-3b87a1eba508-1152x1536.jpeg 1152w, https:\/\/finsk-lapphund.dk\/wp-content\/uploads\/2026\/03\/1f29b431-e8b8-4069-b8ff-3b87a1eba508.jpeg 1536w\" sizes=\"auto, (max-width: 768px) 100vw, 768px\" \/><\/figure>\n\n\n\n<figure class=\"wp-block-image size-large\"><img loading=\"lazy\" decoding=\"async\" width=\"941\" height=\"1024\" src=\"https:\/\/finsk-lapphund.dk\/wp-content\/uploads\/2026\/03\/7702a839-75d7-453e-84c6-1a91b2b50bcb-941x1024.jpeg\" alt=\"\" class=\"wp-image-223\" srcset=\"https:\/\/finsk-lapphund.dk\/wp-content\/uploads\/2026\/03\/7702a839-75d7-453e-84c6-1a91b2b50bcb-941x1024.jpeg 941w, https:\/\/finsk-lapphund.dk\/wp-content\/uploads\/2026\/03\/7702a839-75d7-453e-84c6-1a91b2b50bcb-276x300.jpeg 276w, https:\/\/finsk-lapphund.dk\/wp-content\/uploads\/2026\/03\/7702a839-75d7-453e-84c6-1a91b2b50bcb-768x836.jpeg 768w, https:\/\/finsk-lapphund.dk\/wp-content\/uploads\/2026\/03\/7702a839-75d7-453e-84c6-1a91b2b50bcb-1412x1536.jpeg 1412w, https:\/\/finsk-lapphund.dk\/wp-content\/uploads\/2026\/03\/7702a839-75d7-453e-84c6-1a91b2b50bcb.jpeg 1882w\" sizes=\"auto, (max-width: 941px) 100vw, 941px\" \/><\/figure>\n\n\n\n<p>Nihko er f\u00f8dt d. 28.01.2024<\/p>\n\n\n\n<p>HD B<\/p>\n\n\n\n<p>AD 0<\/p>\n\n\n\n<p>PRA og Pompes fri<\/p>\n\n\n\n<p>\u00d8jenlyst med mild PPM iris til iris (m\u00e5 gerne bruges i avl mod en fri t\u00e6ve)<\/p>\n\n\n\n<p>Kontakt Marie p\u00e5 mail: marie-1909@hotmail.com<\/p>\n\n\n\n<p><a href=\"https:\/\/finnishlapphund.breedarchive.com\/animal\/view\/kjersgaards-nevada-e41fc674-ccf3-4cc1-9ec7-9a1c60fce1b6\">https:\/\/finnishlapphund.breedarchive.com\/animal\/view\/kjersgaards-nevada-e41fc674-ccf3-4cc1-9ec7-9a1c60fce1b6<\/a><\/p>\n","protected":false},"excerpt":{"rendered":"<p>Nihko er f\u00f8dt d. 28.01.2024 HD B AD 0 PRA og Pompes fri \u00d8jenlyst med mild PPM iris til iris (m\u00e5 gerne bruges i avl mod en fri t\u00e6ve) Kontakt Marie p\u00e5 mail: marie-1909@hotmail.com https:\/\/finnishlapphund.breedarchive.com\/animal\/view\/kjersgaards-nevada-e41fc674-ccf3-4cc1-9ec7-9a1c60fce1b6<\/p>\n","protected":false},"author":1,"featured_media":0,"parent":0,"menu_order":0,"comment_status":"closed","ping_status":"closed","template":"","meta":{"footnotes":""},"class_list":["post-221","page","type-page","status-publish","hentry"],"_links":{"self":[{"href":"https:\/\/finsk-lapphund.dk\/index.php\/wp-json\/wp\/v2\/pages\/221","targetHints":{"allow":["GET"]}}],"collection":[{"href":"https:\/\/finsk-lapphund.dk\/index.php\/wp-json\/wp\/v2\/pages"}],"about":[{"href":"https:\/\/finsk-lapphund.dk\/index.php\/wp-json\/wp\/v2\/types\/page"}],"author":[{"embeddable":true,"href":"https:\/\/finsk-lapphund.dk\/index.php\/wp-json\/wp\/v2\/users\/1"}],"replies":[{"embeddable":true,"href":"https:\/\/finsk-lapphund.dk\/index.php\/wp-json\/wp\/v2\/comments?post=221"}],"version-history":[{"count":1,"href":"https:\/\/finsk-lapphund.dk\/index.php\/wp-json\/wp\/v2\/pages\/221\/revisions"}],"predecessor-version":[{"id":224,"href":"https:\/\/finsk-lapphund.dk\/index.php\/wp-json\/wp\/v2\/pages\/221\/revisions\/224"}],"wp:attachment":[{"href":"https:\/\/finsk-lapphund.dk\/index.php\/wp-json\/wp\/v2\/media?parent=221"}],"curies":[{"name":"wp","href":"https:\/\/api.w.org\/{rel}","templated":true}]}}