{"id":231,"date":"2026-05-03T06:33:16","date_gmt":"2026-05-03T06:33:16","guid":{"rendered":"https:\/\/finsk-lapphund.dk\/?page_id=231"},"modified":"2026-05-03T06:55:30","modified_gmt":"2026-05-03T06:55:30","slug":"mowgli-dk18357-2023","status":"publish","type":"page","link":"https:\/\/finsk-lapphund.dk\/index.php\/mowgli-dk18357-2023\/","title":{"rendered":"Mowgli DK18357\/2023"},"content":{"rendered":"\n<figure class=\"wp-block-image size-large\"><img loading=\"lazy\" decoding=\"async\" width=\"1024\" height=\"812\" src=\"https:\/\/finsk-lapphund.dk\/wp-content\/uploads\/2026\/05\/1000032944-1024x812.jpg\" alt=\"\" class=\"wp-image-242\" srcset=\"https:\/\/finsk-lapphund.dk\/wp-content\/uploads\/2026\/05\/1000032944-1024x812.jpg 1024w, https:\/\/finsk-lapphund.dk\/wp-content\/uploads\/2026\/05\/1000032944-300x238.jpg 300w, https:\/\/finsk-lapphund.dk\/wp-content\/uploads\/2026\/05\/1000032944-768x609.jpg 768w, https:\/\/finsk-lapphund.dk\/wp-content\/uploads\/2026\/05\/1000032944.jpg 1080w\" sizes=\"auto, (max-width: 1024px) 100vw, 1024px\" \/><\/figure>\n\n\n\n<figure class=\"wp-block-gallery has-nested-images columns-default is-cropped wp-block-gallery-1 is-layout-flex wp-block-gallery-is-layout-flex\">\n<figure class=\"wp-block-image size-large is-style-rounded\"><img loading=\"lazy\" decoding=\"async\" width=\"768\" height=\"1024\" data-id=\"240\" src=\"https:\/\/finsk-lapphund.dk\/wp-content\/uploads\/2026\/05\/1000032945-1-1-768x1024.jpg\" alt=\"\" class=\"wp-image-240\" srcset=\"https:\/\/finsk-lapphund.dk\/wp-content\/uploads\/2026\/05\/1000032945-1-1-768x1024.jpg 768w, https:\/\/finsk-lapphund.dk\/wp-content\/uploads\/2026\/05\/1000032945-1-1-225x300.jpg 225w, https:\/\/finsk-lapphund.dk\/wp-content\/uploads\/2026\/05\/1000032945-1-1.jpg 1080w\" sizes=\"auto, (max-width: 768px) 100vw, 768px\" \/><\/figure>\n<\/figure>\n\n\n\n<p>HD A<\/p>\n\n\n\n<p>ED 0<\/p>\n\n\n\n<p>Pompes og PRA fri gennem arv<\/p>\n\n\n\n<p>\u00d8jenlyst uden anm\u00e6rkninger<\/p>\n\n\n\n<p>Eksteri\u00f8rbed\u00f8mt med Excellent &#8211; Bor i Randers<\/p>\n\n\n\n<p>Kontakt Jeanette Wurtz p\u00e5 Nanonanovov@gmail.com <\/p>\n\n\n\n<p><a href=\"https:\/\/finnishlapphund.breedarchive.com\/animal\/view\/mowgli-5cc0f3f0-5215-41e3-897f-72b167d59672\">https:\/\/finnishlapphund.breedarchive.com\/animal\/view\/mowgli-5cc0f3f0-5215-41e3-897f-72b167d59672<\/a><\/p>\n","protected":false},"excerpt":{"rendered":"<p>HD A ED 0 Pompes og PRA fri gennem arv \u00d8jenlyst uden anm\u00e6rkninger Eksteri\u00f8rbed\u00f8mt med Excellent &#8211; Bor i Randers Kontakt Jeanette Wurtz p\u00e5 Nanonanovov@gmail.com https:\/\/finnishlapphund.breedarchive.com\/animal\/view\/mowgli-5cc0f3f0-5215-41e3-897f-72b167d59672<\/p>\n","protected":false},"author":1,"featured_media":0,"parent":0,"menu_order":0,"comment_status":"closed","ping_status":"closed","template":"","meta":{"footnotes":""},"class_list":["post-231","page","type-page","status-publish","hentry"],"_links":{"self":[{"href":"https:\/\/finsk-lapphund.dk\/index.php\/wp-json\/wp\/v2\/pages\/231","targetHints":{"allow":["GET"]}}],"collection":[{"href":"https:\/\/finsk-lapphund.dk\/index.php\/wp-json\/wp\/v2\/pages"}],"about":[{"href":"https:\/\/finsk-lapphund.dk\/index.php\/wp-json\/wp\/v2\/types\/page"}],"author":[{"embeddable":true,"href":"https:\/\/finsk-lapphund.dk\/index.php\/wp-json\/wp\/v2\/users\/1"}],"replies":[{"embeddable":true,"href":"https:\/\/finsk-lapphund.dk\/index.php\/wp-json\/wp\/v2\/comments?post=231"}],"version-history":[{"count":5,"href":"https:\/\/finsk-lapphund.dk\/index.php\/wp-json\/wp\/v2\/pages\/231\/revisions"}],"predecessor-version":[{"id":246,"href":"https:\/\/finsk-lapphund.dk\/index.php\/wp-json\/wp\/v2\/pages\/231\/revisions\/246"}],"wp:attachment":[{"href":"https:\/\/finsk-lapphund.dk\/index.php\/wp-json\/wp\/v2\/media?parent=231"}],"curies":[{"name":"wp","href":"https:\/\/api.w.org\/{rel}","templated":true}]}}